{"id":4041,"date":"2021-10-19T09:05:04","date_gmt":"2021-10-19T07:05:04","guid":{"rendered":"https:\/\/www.ascaniosforza.it\/?page_id=4041"},"modified":"2021-10-19T09:36:46","modified_gmt":"2021-10-19T07:36:46","slug":"politica-della-qualita","status":"publish","type":"page","link":"https:\/\/www.ascaniosforza.it\/it\/politica-della-qualita\/","title":{"rendered":"Politica della Qualit\u00e0"},"content":{"rendered":"<div  class=\"grids-section grids-is-advanced alignfull\" style=\"--_gs-gap-desktop:0px 0px;--_gs-m-desktop:0 0 0 0;--_gs-p-desktop:0 0 0 0;--_gs-bg-desktop:transparent none;--_gs-bg-xp-desktop:0px;--_gs-zi-desktop:auto;--_gs-d-desktop:block;--_gs-mw-desktop:calc(100% - 0 - 0);--_gs-gap-tablet:0px 0px;--_gs-m-tablet:0 0 0 0;--_gs-p-tablet:0 0 0 0;--_gs-bg-tablet:transparent none;--_gs-bg-xp-tablet:0px;--_gs-zi-tablet:auto;--_gs-d-tablet:block;--_gs-mw-tablet:calc(100% - 0 - 0);--_gs-gap-mobile:0px 0px;--_gs-m-mobile:0 0 0 0;--_gs-p-mobile:0 0 0 0;--_gs-bg-mobile:transparent none;--_gs-bg-xp-mobile:0px;--_gs-zi-mobile:auto;--_gs-d-mobile:block;--_gs-mw-mobile:calc(100% - 0 - 0);--_gs-columns:12;--_gs-rows:6\"><div class=\"grids-s-w_i\">\n<div class=\"grids-area large-body\" style=\"--_ga-column:2\/6;--_ga-row:1\/7;--_ga-va:center;--_ga-m-desktop:0 0 0 0;--_ga-p-desktop:0 0 0 0;--_ga-bg-desktop:transparent none;--_ga-zi-desktop:auto;--_ga-d-desktop:flex;--_ga-mw-desktop:calc(100% - 0 - 0);--_ga-m-tablet:0 0 0 0;--_ga-p-tablet:0 0 0 0;--_ga-bg-tablet:transparent none;--_ga-zi-tablet:auto;--_ga-d-tablet:flex;--_ga-mw-tablet:calc(100% - 0 - 0);--_ga-m-mobile:0 0 0 0;--_ga-p-mobile:0 0 0 0;--_ga-bg-mobile:transparent none;--_ga-zi-mobile:auto;--_ga-d-mobile:flex;--_ga-mw-mobile:calc(100% - 0 - 0)\">\n\n<h3 class=\"wp-block-heading\">Ascanio Sforza &#8211; Politica della Qualit\u00e0&nbsp;(estratto)<\/h3>\n\n\n\n<h4 class=\"wp-block-heading\">La Residenza Ascanio Sforza \u00e8 una struttura ricettiva, formata da 19 appartamenti, studiata per soddisfare le esigenze abitative di clienti singoli e di societ\u00e0 che vi ospitano i loro funzionari o ospiti.<\/h4>\n\n\n\n<p>Per gli ospiti sono disponibili una reception, una caffetteria con libreria, una lavanderia, e viene loro offerto un attento servizio giornaliero di pulizia.<\/p>\n\n\n\n<p>Gli elementi che concorrono a garantire nel tempo l&#8217;omogeneit\u00e0 e la qualit\u00e0 dei<strong>&nbsp;servizi<\/strong>&nbsp;offerti sono:<\/p>\n\n\n\n<ul class=\"wp-block-list\"><li>chiara definizione delle esigenze del Cliente per tradurle in impegni commerciali ben definiti e in requisiti operativi e di organizzazione del servizio da erogare;<\/li><li>formazione continua del personale, mirata non solo alla preparazione tecnico-pratica relativa all&#8217;esecuzione dei singoli interventi, perfettamente aderenti alle normative vigenti in tema di sicurezza, ma orientata a nozioni ritenute fondamentali quali correttezza e disponibilit\u00e0 sul luogo di lavoro;<\/li><li>accurata analisi volta alla selezione di Fornitori affidabili con i quali intraprendere rapporti duraturi e di fiducia;<\/li><li>garanzia del rispetto legislativo attraverso un costante aggiornamento sulle normative vigenti, ottenuto tramite consulenti esterni, iscrizioni a riviste ed associazioni di categoria, et cetera;<\/li><li>mantenimento degli impianti in efficienza e sempre in conformit\u00e0 alla normativa vigente;<\/li><li>azione continua di miglioramento dei processi, del servizio e delle attivit\u00e0 ad essi inerenti mirata alla soddisfazione del Cliente, all&#8217;ottimizzazione dei costi, alla sicurezza del personale; questa azione viene ottenuta attraverso il coinvolgimento di tutto il personale.<\/li><\/ul>\n\n\n\n<p>Nell&#8217;ambito di questi obiettivi generali, \u00e8 stata considerata essenziale la creazione ed il mantenimento di un\u00a0<strong>Sistema di Gestione aziendale in conformit\u00e0 alla norma ISO 9001:2015<\/strong>.<\/p>\n\n\n\n\n\n<\/div>\n\n<div class=\"grids-area\" style=\"--_ga-column:7\/13;--_ga-row:2\/7;--_ga-m-desktop:0 0 0 0;--_ga-p-desktop:0 0 0 0;--_ga-bg-desktop:transparent none;--_ga-zi-desktop:auto;--_ga-d-desktop:flex;--_ga-mw-desktop:calc(100% - 0 - 0);--_ga-m-tablet:0 0 0 0;--_ga-p-tablet:0 0 0 0;--_ga-bg-tablet:transparent none;--_ga-zi-tablet:auto;--_ga-d-tablet:flex;--_ga-mw-tablet:calc(100% - 0 - 0);--_ga-m-mobile:0 0 0 0;--_ga-p-mobile:0 0 0 0;--_ga-bg-mobile:transparent none;--_ga-zi-mobile:auto;--_ga-d-mobile:flex;--_ga-mw-mobile:calc(100% - 0 - 0)\">\n\n<figure class=\"wp-block-image size-large\"><img decoding=\"async\" width=\"683\" height=\"1024\" src=\"https:\/\/www.ascaniosforza.it\/wp-content\/uploads\/2021\/05\/Residenza-Ascanio-Sforza-Prestige-divano-verticale-683x1024.jpg\" alt=\"\" class=\"wp-image-3332\" srcset=\"https:\/\/www.ascaniosforza.it\/wp-content\/uploads\/2021\/05\/Residenza-Ascanio-Sforza-Prestige-divano-verticale-683x1024.jpg 683w, https:\/\/www.ascaniosforza.it\/wp-content\/uploads\/2021\/05\/Residenza-Ascanio-Sforza-Prestige-divano-verticale-200x300.jpg 200w, https:\/\/www.ascaniosforza.it\/wp-content\/uploads\/2021\/05\/Residenza-Ascanio-Sforza-Prestige-divano-verticale-768x1152.jpg 768w, https:\/\/www.ascaniosforza.it\/wp-content\/uploads\/2021\/05\/Residenza-Ascanio-Sforza-Prestige-divano-verticale.jpg 960w\" sizes=\"(max-width: 683px) 100vw, 683px\" \/><\/figure>\n\n<\/div>\n<\/div><\/div>\n\n<div  class=\"grids-section grids-is-advanced alignfull\" style=\"--_gs-gap-desktop:0px 0px;--_gs-m-desktop:0 0 0 0;--_gs-p-desktop:0 0 0 0;--_gs-bg-desktop:transparent none;--_gs-bg-xp-desktop:0px;--_gs-zi-desktop:auto;--_gs-d-desktop:block;--_gs-mw-desktop:calc(100% - 0 - 0);--_gs-gap-tablet:0px 0px;--_gs-m-tablet:0 0 0 0;--_gs-p-tablet:0 0 0 0;--_gs-bg-tablet:transparent none;--_gs-bg-xp-tablet:0px;--_gs-zi-tablet:auto;--_gs-d-tablet:block;--_gs-mw-tablet:calc(100% - 0 - 0);--_gs-gap-mobile:0px 0px;--_gs-m-mobile:0 0 0 0;--_gs-p-mobile:0 0 0 0;--_gs-bg-mobile:transparent none;--_gs-bg-xp-mobile:0px;--_gs-zi-mobile:auto;--_gs-d-mobile:block;--_gs-mw-mobile:calc(100% - 0 - 0);--_gs-columns:12;--_gs-rows:6\"><div class=\"grids-s-w_i\">\n<div class=\"grids-area large-body\" style=\"--_ga-column:7\/12;--_ga-row:1\/2;--_ga-va:center;--_ga-m-desktop:0 0 0 0;--_ga-p-desktop:0 0 0 0;--_ga-bg-desktop:transparent none;--_ga-zi-desktop:auto;--_ga-d-desktop:flex;--_ga-mw-desktop:calc(100% - 0 - 0);--_ga-m-tablet:0 0 0 0;--_ga-p-tablet:0 0 0 0;--_ga-bg-tablet:transparent none;--_ga-zi-tablet:auto;--_ga-d-tablet:flex;--_ga-mw-tablet:calc(100% - 0 - 0);--_ga-m-mobile:0 0 0 0;--_ga-p-mobile:0 0 0 0;--_ga-bg-mobile:transparent none;--_ga-zi-mobile:auto;--_ga-d-mobile:flex;--_ga-mw-mobile:calc(100% - 0 - 0)\">\n\n<p>Gli&nbsp;<strong>obiettivi<\/strong>&nbsp;principali sono:<\/p>\n\n\n\n<ul class=\"wp-block-list\"><li>essere all\u2019avanguardia nel settore e modello di riferimento nel mercato;<\/li><li>garantire la massima professionalit\u00e0 del personale mediante il rispetto delle istruzioni impartite e attraverso una continua formazione;<\/li><li>offrire un livello sempre pi\u00f9 elevato di ospitalit\u00e0, definita come capacit\u00e0 di assicurare all\u2019ospite un\u2019accoglienza cordiale e un soggiorno confortevole nel massimo rispetto della sua privacy, \u201ccome se fosse la sua casa a Milano\u201d;<\/li><li>cogliere ed anticipare le esigenze dell\u2019ospite per soddisfarne pienamente le aspettative;<\/li><li>assicurare un elevato grado di benessere dell\u2019ospite mediante l\u2019offerta di informazioni e agevolazioni per la fruibilit\u00e0 della citt\u00e0 di Milano e in particolare della zona Navigli e della Darsena;<\/li><li>garantire una costante attenzione all\u2019impatto ambientale.<\/li><\/ul>\n\n\n\n<p>La Direzione s\u2019impegna nel riesaminare sistematicamente i principi e gli obiettivi della Qualit\u00e0 qui esposti coerentemente con i bisogni e le aspettative di tutti i clienti, gli ospiti, i dipendenti, i collaboratori e i fornitori.<\/p>\n\n\n\n<p>E\u2019 preciso impegno della Direzione assistere tutto il personale aziendale nello sviluppo del Sistema di Gestione per la Qualit\u00e0.<\/p>\n\n<\/div>\n\n<div class=\"grids-area\" style=\"--_ga-column:2\/6;--_ga-row:1\/2;--_ga-m-desktop:0 0 0 0;--_ga-p-desktop:0 0 0 0;--_ga-bg-desktop:transparent none;--_ga-zi-desktop:auto;--_ga-d-desktop:flex;--_ga-mw-desktop:calc(100% - 0 - 0);--_ga-m-tablet:0 0 0 0;--_ga-p-tablet:0 0 0 0;--_ga-bg-tablet:transparent none;--_ga-zi-tablet:auto;--_ga-d-tablet:flex;--_ga-mw-tablet:calc(100% - 0 - 0);--_ga-m-mobile:0 0 0 0;--_ga-p-mobile:0 0 0 0;--_ga-bg-mobile:transparent none;--_ga-zi-mobile:auto;--_ga-d-mobile:flex;--_ga-mw-mobile:calc(100% - 0 - 0)\">\n\n<figure class=\"wp-block-image size-large\"><img decoding=\"async\" width=\"587\" height=\"660\" src=\"https:\/\/www.ascaniosforza.it\/wp-content\/uploads\/2021\/05\/ascanio-sforza-homepage-apartments.png\" alt=\"\" class=\"wp-image-3023\" srcset=\"https:\/\/www.ascaniosforza.it\/wp-content\/uploads\/2021\/05\/ascanio-sforza-homepage-apartments.png 587w, https:\/\/www.ascaniosforza.it\/wp-content\/uploads\/2021\/05\/ascanio-sforza-homepage-apartments-267x300.png 267w\" sizes=\"(max-width: 587px) 100vw, 587px\" \/><\/figure>\n\n<\/div>\n<\/div><\/div>\n\n\n\n","protected":false},"excerpt":{"rendered":"","protected":false},"author":2,"featured_media":3342,"parent":0,"menu_order":0,"comment_status":"closed","ping_status":"closed","template":"","meta":{"_acf_changed":false,"advgb_blocks_editor_width":"","advgb_blocks_columns_visual_guide":"","footnotes":""},"class_list":["post-4041","page","type-page","status-publish","has-post-thumbnail","hentry","entry"],"acf":[],"yoast_head":"<!-- This site is optimized with the Yoast SEO plugin v25.3.1 - https:\/\/yoast.com\/wordpress\/plugins\/seo\/ -->\n<title>Politica della Qualit\u00e0 - Ascanio Sforza Suite &amp; Apartments - Milano zona Navigli<\/title>\n<meta name=\"description\" content=\"Soggiornare presso Ascanio Sforza Suites &amp; Apartments significa sentirsi a casa propria, nel cuore di Milano\" \/>\n<meta name=\"robots\" content=\"index, follow, max-snippet:-1, max-image-preview:large, max-video-preview:-1\" \/>\n<link rel=\"canonical\" href=\"https:\/\/www.ascaniosforza.it\/it\/politica-della-qualita\/\" \/>\n<meta property=\"og:locale\" content=\"it_IT\" \/>\n<meta property=\"og:type\" content=\"article\" \/>\n<meta property=\"og:title\" content=\"Politica della Qualit\u00e0 - Ascanio Sforza Suite &amp; Apartments - Milano zona Navigli\" \/>\n<meta property=\"og:description\" content=\"Soggiornare presso Ascanio Sforza Suites &amp; Apartments significa sentirsi a casa propria, nel cuore di Milano\" \/>\n<meta property=\"og:url\" content=\"https:\/\/www.ascaniosforza.it\/it\/politica-della-qualita\/\" \/>\n<meta property=\"og:site_name\" content=\"Ascanio Sforza Suite &amp; Apartments\" \/>\n<meta property=\"article:modified_time\" content=\"2021-10-19T07:36:46+00:00\" \/>\n<meta property=\"og:image\" content=\"https:\/\/www.ascaniosforza.it\/wp-content\/uploads\/2021\/05\/Residenza-Ascanio-Sforza-Prestige-soggiorno-divano.jpg\" \/>\n\t<meta property=\"og:image:width\" content=\"1440\" \/>\n\t<meta property=\"og:image:height\" content=\"960\" \/>\n\t<meta property=\"og:image:type\" content=\"image\/jpeg\" \/>\n<meta name=\"twitter:card\" content=\"summary_large_image\" \/>\n<meta name=\"twitter:label1\" content=\"Tempo di lettura stimato\" \/>\n\t<meta name=\"twitter:data1\" content=\"3 minuti\" \/>\n<script type=\"application\/ld+json\" class=\"yoast-schema-graph\">{\"@context\":\"https:\/\/schema.org\",\"@graph\":[{\"@type\":\"WebPage\",\"@id\":\"https:\/\/www.ascaniosforza.it\/it\/politica-della-qualita\/\",\"url\":\"https:\/\/www.ascaniosforza.it\/it\/politica-della-qualita\/\",\"name\":\"Politica della Qualit\u00e0 - Ascanio Sforza Suite &amp; Apartments - Milano zona Navigli\",\"isPartOf\":{\"@id\":\"https:\/\/www.ascaniosforza.it\/it\/#website\"},\"primaryImageOfPage\":{\"@id\":\"https:\/\/www.ascaniosforza.it\/it\/politica-della-qualita\/#primaryimage\"},\"image\":{\"@id\":\"https:\/\/www.ascaniosforza.it\/it\/politica-della-qualita\/#primaryimage\"},\"thumbnailUrl\":\"https:\/\/www.ascaniosforza.it\/wp-content\/uploads\/2021\/05\/Residenza-Ascanio-Sforza-Prestige-soggiorno-divano.jpg\",\"datePublished\":\"2021-10-19T07:05:04+00:00\",\"dateModified\":\"2021-10-19T07:36:46+00:00\",\"description\":\"Soggiornare presso Ascanio Sforza Suites & Apartments significa sentirsi a casa propria, nel cuore di Milano\",\"breadcrumb\":{\"@id\":\"https:\/\/www.ascaniosforza.it\/it\/politica-della-qualita\/#breadcrumb\"},\"inLanguage\":\"it-IT\",\"potentialAction\":[{\"@type\":\"ReadAction\",\"target\":[\"https:\/\/www.ascaniosforza.it\/it\/politica-della-qualita\/\"]}]},{\"@type\":\"ImageObject\",\"inLanguage\":\"it-IT\",\"@id\":\"https:\/\/www.ascaniosforza.it\/it\/politica-della-qualita\/#primaryimage\",\"url\":\"https:\/\/www.ascaniosforza.it\/wp-content\/uploads\/2021\/05\/Residenza-Ascanio-Sforza-Prestige-soggiorno-divano.jpg\",\"contentUrl\":\"https:\/\/www.ascaniosforza.it\/wp-content\/uploads\/2021\/05\/Residenza-Ascanio-Sforza-Prestige-soggiorno-divano.jpg\",\"width\":1440,\"height\":960},{\"@type\":\"BreadcrumbList\",\"@id\":\"https:\/\/www.ascaniosforza.it\/it\/politica-della-qualita\/#breadcrumb\",\"itemListElement\":[{\"@type\":\"ListItem\",\"position\":1,\"name\":\"Home\",\"item\":\"https:\/\/www.ascaniosforza.it\/it\/\"},{\"@type\":\"ListItem\",\"position\":2,\"name\":\"Politica della Qualit\u00e0\"}]},{\"@type\":\"WebSite\",\"@id\":\"https:\/\/www.ascaniosforza.it\/it\/#website\",\"url\":\"https:\/\/www.ascaniosforza.it\/it\/\",\"name\":\"Ascanio Sforza Suite &amp; Apartments\",\"description\":\"Milano zona Navigli\",\"publisher\":{\"@id\":\"https:\/\/www.ascaniosforza.it\/it\/#organization\"},\"potentialAction\":[{\"@type\":\"SearchAction\",\"target\":{\"@type\":\"EntryPoint\",\"urlTemplate\":\"https:\/\/www.ascaniosforza.it\/it\/?s={search_term_string}\"},\"query-input\":{\"@type\":\"PropertyValueSpecification\",\"valueRequired\":true,\"valueName\":\"search_term_string\"}}],\"inLanguage\":\"it-IT\"},{\"@type\":\"Organization\",\"@id\":\"https:\/\/www.ascaniosforza.it\/it\/#organization\",\"name\":\"Residenza Ascanio Sforza\",\"url\":\"https:\/\/www.ascaniosforza.it\/it\/\",\"logo\":{\"@type\":\"ImageObject\",\"inLanguage\":\"it-IT\",\"@id\":\"https:\/\/www.ascaniosforza.it\/it\/#\/schema\/logo\/image\/\",\"url\":\"https:\/\/www.ascaniosforza.it\/wp-content\/uploads\/2021\/06\/logo_pricechecker_ascanio_sforza.png\",\"contentUrl\":\"https:\/\/www.ascaniosforza.it\/wp-content\/uploads\/2021\/06\/logo_pricechecker_ascanio_sforza.png\",\"width\":151,\"height\":160,\"caption\":\"Residenza Ascanio Sforza\"},\"image\":{\"@id\":\"https:\/\/www.ascaniosforza.it\/it\/#\/schema\/logo\/image\/\"}}]}<\/script>\n<!-- \/ Yoast SEO plugin. -->","yoast_head_json":{"title":"Politica della Qualit\u00e0 - Ascanio Sforza Suite &amp; Apartments - Milano zona Navigli","description":"Soggiornare presso Ascanio Sforza Suites & Apartments significa sentirsi a casa propria, nel cuore di Milano","robots":{"index":"index","follow":"follow","max-snippet":"max-snippet:-1","max-image-preview":"max-image-preview:large","max-video-preview":"max-video-preview:-1"},"canonical":"https:\/\/www.ascaniosforza.it\/it\/politica-della-qualita\/","og_locale":"it_IT","og_type":"article","og_title":"Politica della Qualit\u00e0 - Ascanio Sforza Suite &amp; Apartments - Milano zona Navigli","og_description":"Soggiornare presso Ascanio Sforza Suites & Apartments significa sentirsi a casa propria, nel cuore di Milano","og_url":"https:\/\/www.ascaniosforza.it\/it\/politica-della-qualita\/","og_site_name":"Ascanio Sforza Suite &amp; Apartments","article_modified_time":"2021-10-19T07:36:46+00:00","og_image":[{"width":1440,"height":960,"url":"https:\/\/www.ascaniosforza.it\/wp-content\/uploads\/2021\/05\/Residenza-Ascanio-Sforza-Prestige-soggiorno-divano.jpg","type":"image\/jpeg"}],"twitter_card":"summary_large_image","twitter_misc":{"Tempo di lettura stimato":"3 minuti"},"schema":{"@context":"https:\/\/schema.org","@graph":[{"@type":"WebPage","@id":"https:\/\/www.ascaniosforza.it\/it\/politica-della-qualita\/","url":"https:\/\/www.ascaniosforza.it\/it\/politica-della-qualita\/","name":"Politica della Qualit\u00e0 - Ascanio Sforza Suite &amp; Apartments - Milano zona Navigli","isPartOf":{"@id":"https:\/\/www.ascaniosforza.it\/it\/#website"},"primaryImageOfPage":{"@id":"https:\/\/www.ascaniosforza.it\/it\/politica-della-qualita\/#primaryimage"},"image":{"@id":"https:\/\/www.ascaniosforza.it\/it\/politica-della-qualita\/#primaryimage"},"thumbnailUrl":"https:\/\/www.ascaniosforza.it\/wp-content\/uploads\/2021\/05\/Residenza-Ascanio-Sforza-Prestige-soggiorno-divano.jpg","datePublished":"2021-10-19T07:05:04+00:00","dateModified":"2021-10-19T07:36:46+00:00","description":"Soggiornare presso Ascanio Sforza Suites & Apartments significa sentirsi a casa propria, nel cuore di Milano","breadcrumb":{"@id":"https:\/\/www.ascaniosforza.it\/it\/politica-della-qualita\/#breadcrumb"},"inLanguage":"it-IT","potentialAction":[{"@type":"ReadAction","target":["https:\/\/www.ascaniosforza.it\/it\/politica-della-qualita\/"]}]},{"@type":"ImageObject","inLanguage":"it-IT","@id":"https:\/\/www.ascaniosforza.it\/it\/politica-della-qualita\/#primaryimage","url":"https:\/\/www.ascaniosforza.it\/wp-content\/uploads\/2021\/05\/Residenza-Ascanio-Sforza-Prestige-soggiorno-divano.jpg","contentUrl":"https:\/\/www.ascaniosforza.it\/wp-content\/uploads\/2021\/05\/Residenza-Ascanio-Sforza-Prestige-soggiorno-divano.jpg","width":1440,"height":960},{"@type":"BreadcrumbList","@id":"https:\/\/www.ascaniosforza.it\/it\/politica-della-qualita\/#breadcrumb","itemListElement":[{"@type":"ListItem","position":1,"name":"Home","item":"https:\/\/www.ascaniosforza.it\/it\/"},{"@type":"ListItem","position":2,"name":"Politica della Qualit\u00e0"}]},{"@type":"WebSite","@id":"https:\/\/www.ascaniosforza.it\/it\/#website","url":"https:\/\/www.ascaniosforza.it\/it\/","name":"Ascanio Sforza Suite &amp; Apartments","description":"Milano zona Navigli","publisher":{"@id":"https:\/\/www.ascaniosforza.it\/it\/#organization"},"potentialAction":[{"@type":"SearchAction","target":{"@type":"EntryPoint","urlTemplate":"https:\/\/www.ascaniosforza.it\/it\/?s={search_term_string}"},"query-input":{"@type":"PropertyValueSpecification","valueRequired":true,"valueName":"search_term_string"}}],"inLanguage":"it-IT"},{"@type":"Organization","@id":"https:\/\/www.ascaniosforza.it\/it\/#organization","name":"Residenza Ascanio Sforza","url":"https:\/\/www.ascaniosforza.it\/it\/","logo":{"@type":"ImageObject","inLanguage":"it-IT","@id":"https:\/\/www.ascaniosforza.it\/it\/#\/schema\/logo\/image\/","url":"https:\/\/www.ascaniosforza.it\/wp-content\/uploads\/2021\/06\/logo_pricechecker_ascanio_sforza.png","contentUrl":"https:\/\/www.ascaniosforza.it\/wp-content\/uploads\/2021\/06\/logo_pricechecker_ascanio_sforza.png","width":151,"height":160,"caption":"Residenza Ascanio Sforza"},"image":{"@id":"https:\/\/www.ascaniosforza.it\/it\/#\/schema\/logo\/image\/"}}]}},"coauthors":[],"author_meta":{"author_link":"https:\/\/www.ascaniosforza.it\/it\/author\/in7h3-sc4n1a\/","display_name":"in7h3-sc4n1a"},"relative_dates":{"created":"Pubblicato 5 anni fa","modified":"Aggiornato 5 anni fa"},"absolute_dates":{"created":"Pubblicato il 19 Ottobre 2021","modified":"Aggiornato il 19 Ottobre 2021"},"absolute_dates_time":{"created":"Pubblicato il 19 Ottobre 2021 9:05","modified":"Aggiornato il 19 Ottobre 2021 9:36"},"featured_img_caption":"","featured_img":"https:\/\/www.ascaniosforza.it\/wp-content\/uploads\/2021\/05\/Residenza-Ascanio-Sforza-Prestige-soggiorno-divano.jpg","series_order":"","_links":{"self":[{"href":"https:\/\/www.ascaniosforza.it\/it\/wp-json\/wp\/v2\/pages\/4041","targetHints":{"allow":["GET"]}}],"collection":[{"href":"https:\/\/www.ascaniosforza.it\/it\/wp-json\/wp\/v2\/pages"}],"about":[{"href":"https:\/\/www.ascaniosforza.it\/it\/wp-json\/wp\/v2\/types\/page"}],"author":[{"embeddable":true,"href":"https:\/\/www.ascaniosforza.it\/it\/wp-json\/wp\/v2\/users\/2"}],"replies":[{"embeddable":true,"href":"https:\/\/www.ascaniosforza.it\/it\/wp-json\/wp\/v2\/comments?post=4041"}],"version-history":[{"count":0,"href":"https:\/\/www.ascaniosforza.it\/it\/wp-json\/wp\/v2\/pages\/4041\/revisions"}],"wp:featuredmedia":[{"embeddable":true,"href":"https:\/\/www.ascaniosforza.it\/it\/wp-json\/wp\/v2\/media\/3342"}],"wp:attachment":[{"href":"https:\/\/www.ascaniosforza.it\/it\/wp-json\/wp\/v2\/media?parent=4041"}],"curies":[{"name":"wp","href":"https:\/\/api.w.org\/{rel}","templated":true}]}}